{"id":18739,"date":"2016-09-22T12:59:04","date_gmt":"2016-09-22T10:59:04","guid":{"rendered":"http:\/\/www.skateout.com\/?page_id=18739"},"modified":"2017-07-31T11:27:22","modified_gmt":"2017-07-31T09:27:22","slug":"kopvillkor-och-information","status":"publish","type":"page","link":"https:\/\/www.skateout.com\/?page_id=18739","title":{"rendered":"K\u00f6pvillkor och information"},"content":{"rendered":"<h1><strong><a href=\"#bytenochreturer\">Byten och returer<\/a>\u00a0<\/strong><strong>\u00a0<\/strong><strong><a href=\"#reklamationer\">Reklamationer<\/a>\u00a0<\/strong><strong><a href=\"#priser\">Priser<\/a>\u00a0<\/strong><strong>\u00a0<\/strong><strong><a href=\"#betalning\">Betalning<\/a>\u00a0<\/strong><strong>\u00a0<\/strong><a href=\"#frakt\"><strong>Frakt:<\/strong><\/a><\/h1>\n<h1><strong>Kontaktuppgifter: <\/strong><\/h1>\n<p>SkateOut\/Walk Among Us Distribution<\/p>\n<p>Organisationsnummer:\u00a0559118-4733<\/p>\n<p>Signalgatan 5, \u00d6rebro<\/p>\n<p>david@skateout.com\u00a0,\u00a0070-598 60 74<\/p>\n<p><strong>\u00a0<\/strong><\/p>\n<h1><strong>Byten och returer<\/strong><\/h1>\n<p>Vi erbjuder 30 dagars full \u00e5ngerr\u00e4tt eller returr\u00e4tt, g\u00e4ller b\u00e5de \u00e5terbetalning eller byten.<\/p>\n<p>Meddela oss via mail eller telefon inom 30 dagar fr\u00e5n mottagen vara f\u00f6r att utnyttja din \u00e5ngerr\u00e4tt.<\/p>\n<p>Fraktsedel f\u00f6r retur medf\u00f6ljer i paketet. Kostnaden f\u00f6r returen (59kr) betalas av kunden och dras fr\u00e5n det belopp som ska \u00e5terbetalas.<\/p>\n<p>I paketet finns \u00e4ven en returblankett som ska fyllas i och skickas med i paketet. Denna blankett g\u00e5r \u00e4ven bra att h\u00e4mta <a href=\" http:\/\/www.skateout.com\/wp-content\/uploads\/2016\/09\/SkateOut-Returformul\u00e4r.pdf \" target=\"_blank\" rel=\"noopener noreferrer\">h\u00e4r<\/a><\/p>\n<p>Notera att \u00e5ngerr\u00e4tt, bytesr\u00e4tt och \u00f6ppet k\u00f6p ej g\u00e4ller vid k\u00f6p av badkl\u00e4der eller underkl\u00e4der med bruten f\u00f6rpackning pga. h\u00e4lso- och hygiensj\u00e4l.<\/p>\n<p>\u00c5ngerr\u00e4tt, bytesr\u00e4tt och \u00f6ppet k\u00f6p g\u00e4ller ej om produkten \u00e4r anv\u00e4nd eller p\u00e5 annat s\u00e4tt skadad. Varan ska vara kvar i originalf\u00f6rpackningen och f\u00f6rpackningen ska vara hel. Vid retur f\u00e5r inga fraktsedlar eller liknande f\u00e4stas direkt p\u00e5 originalkartong eller originalf\u00f6rpackning. Vid retur ska emballage anv\u00e4ndas s\u00e5 produkten \u00e4r skyddad vid transport. Har produkterna packats p\u00e5 ett s\u00e5dant s\u00e4tt att de tar skada vid transporten \u00e4r du som kund ansvarig f\u00f6r skadan.<\/p>\n<p><a href=\"#topp\">Till toppen av sidan\u00a0<\/a><\/p>\n<h1><strong>Reklamationer: <\/strong><\/h1>\n<p>F\u00f6r att reklamera en trasig, defekt eller p\u00e5 annat s\u00e4tt felaktig produkt kontakta oss p\u00e5 <a href=\"mailto:info@skateout.com\">info@skateout.com<\/a> eller 019-13 60 65.<\/p>\n<p>Inga varor f\u00e5r skickas tillbaka innan du kontaktat oss och reklamations\u00e4rendet \u00f6ppnats. Samtliga reklamationer f\u00f6ljer konsumentk\u00f6plagen, l\u00e4s mer p\u00e5 <a href=\"http:\/\/www.konsumentverket.se\">www.konsumentverket.se<\/a>.<\/p>\n<p><strong>\u00a0<a href=\"#topp\">Till toppen av sidan\u00a0<\/a><\/strong><\/p>\n<h1><strong>Priser:<\/strong><\/h1>\n<p>Alla priser avges i svenska kronor och inkluderar moms. Avgifter f\u00f6r frakt tillkommer vid varje best\u00e4llning. Vid uppenbara prisfel f\u00f6reh\u00e5ller vi oss r\u00e4tten att makulera ordern efter kontakt med kund.<\/p>\n<p><a href=\"#topp\">Till toppen av sidan\u00a0<\/a><\/p>\n<h1><strong>Betalning:<\/strong><\/h1>\n<p>Hos oss kan du enkelt och snabbt betala med kort via PayPal eller genom ett PayPal konto. F\u00f6r mer info r\u00f6rande PayPal se <a href=\"http:\/\/www.paypal.com\/se\/\">www.paypal.com\/se\/<\/a><\/p>\n<p><u>Notera att inget PayPal konto beh\u00f6vs utan det g\u00e5r bra att betala med kort direkt via PayPals betalningsl\u00f6sning. <\/u><\/p>\n<p><a href=\"#topp\">Till toppen av sidan\u00a0<\/a><\/p>\n<h1><strong>Frakt:<\/strong><\/h1>\n<h2><strong>Post<\/strong><\/h2>\n<p>Vi tar ut en fast avgift a 59sek i frakt. Alla paket skickas med PostNord och leveranstid \u00e4r 1-3 vardagar fr\u00e5n mottagen order. I vissa perioder med mycket att g\u00f6ra kan leveranstiden vara n\u00e5got l\u00e4ngre.<\/p>\n<p>Uppge mobilnummer i kassan s\u00e5 skickar posten en avisering till din telefon n\u00e4r paket finns att h\u00e4mta p\u00e5 utl\u00e4mningsst\u00e4lle.<\/p>\n<h2><strong>H\u00e4mtas i \u00d6rebro<\/strong><\/h2>\n<p>Det g\u00e5r bra att h\u00e4mta best\u00e4lld order direkt p\u00e5 v\u00e5rt lager i \u00d6rebro. V\u00e4lj h\u00e4mtas i \u00d6rebro i kassan och n\u00e4r din order \u00e4r klar att h\u00e4mtas upp kontaktar vi dig och best\u00e4mmer en tid. Vi har bemanning vardagar 8.00-17.00.<\/p>\n<p><a href=\"#topp\">Till toppen av sidan\u00a0<\/a><\/p>\n","protected":false},"excerpt":{"rendered":"<p>Byten och returer\u00a0\u00a0Reklamationer\u00a0Priser\u00a0\u00a0Betalning\u00a0\u00a0Frakt: Kontaktuppgifter: SkateOut\/Walk Among Us Distribution Organisationsnummer:\u00a0559118-4733 Signalgatan 5, \u00d6rebro david@skateout.com\u00a0,\u00a0070-598 60 74 \u00a0 Byten och returer Vi erbjuder 30 dagars full \u00e5ngerr\u00e4tt eller returr\u00e4tt, g\u00e4ller b\u00e5de \u00e5terbetalning eller byten. Meddela oss via mail eller telefon inom 30 dagar fr\u00e5n mottagen vara f\u00f6r att utnyttja din \u00e5ngerr\u00e4tt. Fraktsedel f\u00f6r retur medf\u00f6ljer i paketet. [&hellip;]<\/p>\n","protected":false},"author":1,"featured_media":0,"parent":0,"menu_order":0,"comment_status":"closed","ping_status":"closed","template":"","meta":{"jetpack_post_was_ever_published":false},"yoast_head":"<!-- This site is optimized with the Yoast SEO plugin v19.13 - https:\/\/yoast.com\/wordpress\/plugins\/seo\/ -->\n<title>K\u00f6pvillkor och information -<\/title>\n<meta name=\"robots\" content=\"index, follow, max-snippet:-1, max-image-preview:large, max-video-preview:-1\" \/>\n<link rel=\"canonical\" href=\"https:\/\/www.skateout.com\/?page_id=18739\" \/>\n<meta property=\"og:locale\" content=\"sv_SE\" \/>\n<meta property=\"og:type\" content=\"article\" \/>\n<meta property=\"og:title\" content=\"K\u00f6pvillkor och information -\" \/>\n<meta property=\"og:description\" content=\"Byten och returer\u00a0\u00a0Reklamationer\u00a0Priser\u00a0\u00a0Betalning\u00a0\u00a0Frakt: Kontaktuppgifter: SkateOut\/Walk Among Us Distribution Organisationsnummer:\u00a0559118-4733 Signalgatan 5, \u00d6rebro david@skateout.com\u00a0,\u00a0070-598 60 74 \u00a0 Byten och returer Vi erbjuder 30 dagars full \u00e5ngerr\u00e4tt eller returr\u00e4tt, g\u00e4ller b\u00e5de \u00e5terbetalning eller byten. Meddela oss via mail eller telefon inom 30 dagar fr\u00e5n mottagen vara f\u00f6r att utnyttja din \u00e5ngerr\u00e4tt. Fraktsedel f\u00f6r retur medf\u00f6ljer i paketet. [&hellip;]\" \/>\n<meta property=\"og:url\" content=\"https:\/\/www.skateout.com\/?page_id=18739\" \/>\n<meta property=\"article:modified_time\" content=\"2017-07-31T09:27:22+00:00\" \/>\n<meta name=\"twitter:card\" content=\"summary_large_image\" \/>\n<meta name=\"twitter:label1\" content=\"Ber\u00e4knad l\u00e4stid\" \/>\n\t<meta name=\"twitter:data1\" content=\"3 minuter\" \/>\n<script type=\"application\/ld+json\" class=\"yoast-schema-graph\">{\"@context\":\"https:\/\/schema.org\",\"@graph\":[{\"@type\":\"WebPage\",\"@id\":\"https:\/\/www.skateout.com\/?page_id=18739\",\"url\":\"https:\/\/www.skateout.com\/?page_id=18739\",\"name\":\"K\u00f6pvillkor och information -\",\"isPartOf\":{\"@id\":\"https:\/\/www.skateout.com\/#website\"},\"datePublished\":\"2016-09-22T10:59:04+00:00\",\"dateModified\":\"2017-07-31T09:27:22+00:00\",\"breadcrumb\":{\"@id\":\"https:\/\/www.skateout.com\/?page_id=18739#breadcrumb\"},\"inLanguage\":\"sv-SE\",\"potentialAction\":[{\"@type\":\"ReadAction\",\"target\":[\"https:\/\/www.skateout.com\/?page_id=18739\"]}]},{\"@type\":\"BreadcrumbList\",\"@id\":\"https:\/\/www.skateout.com\/?page_id=18739#breadcrumb\",\"itemListElement\":[{\"@type\":\"ListItem\",\"position\":1,\"name\":\"Hem\",\"item\":\"https:\/\/www.skateout.com\/\"},{\"@type\":\"ListItem\",\"position\":2,\"name\":\"K\u00f6pvillkor och information\"}]},{\"@type\":\"WebSite\",\"@id\":\"https:\/\/www.skateout.com\/#website\",\"url\":\"https:\/\/www.skateout.com\/\",\"name\":\"Skateout\",\"description\":\"\",\"publisher\":{\"@id\":\"https:\/\/www.skateout.com\/#organization\"},\"potentialAction\":[{\"@type\":\"SearchAction\",\"target\":{\"@type\":\"EntryPoint\",\"urlTemplate\":\"https:\/\/www.skateout.com\/?s={search_term_string}\"},\"query-input\":\"required name=search_term_string\"}],\"inLanguage\":\"sv-SE\"},{\"@type\":\"Organization\",\"@id\":\"https:\/\/www.skateout.com\/#organization\",\"name\":\"Skateout\",\"url\":\"https:\/\/www.skateout.com\/\",\"logo\":{\"@type\":\"ImageObject\",\"inLanguage\":\"sv-SE\",\"@id\":\"https:\/\/www.skateout.com\/#\/schema\/logo\/image\/\",\"url\":\"https:\/\/i0.wp.com\/www.skateout.com\/wp-content\/uploads\/2019\/08\/SkateOutLogo.png?fit=470%2C110&ssl=1\",\"contentUrl\":\"https:\/\/i0.wp.com\/www.skateout.com\/wp-content\/uploads\/2019\/08\/SkateOutLogo.png?fit=470%2C110&ssl=1\",\"width\":470,\"height\":110,\"caption\":\"Skateout\"},\"image\":{\"@id\":\"https:\/\/www.skateout.com\/#\/schema\/logo\/image\/\"},\"sameAs\":[\"https:\/\/www.instagram.com\/skateoutcom\/\"]}]}<\/script>\n<!-- \/ Yoast SEO plugin. -->","yoast_head_json":{"title":"K\u00f6pvillkor och information -","robots":{"index":"index","follow":"follow","max-snippet":"max-snippet:-1","max-image-preview":"max-image-preview:large","max-video-preview":"max-video-preview:-1"},"canonical":"https:\/\/www.skateout.com\/?page_id=18739","og_locale":"sv_SE","og_type":"article","og_title":"K\u00f6pvillkor och information -","og_description":"Byten och returer\u00a0\u00a0Reklamationer\u00a0Priser\u00a0\u00a0Betalning\u00a0\u00a0Frakt: Kontaktuppgifter: SkateOut\/Walk Among Us Distribution Organisationsnummer:\u00a0559118-4733 Signalgatan 5, \u00d6rebro david@skateout.com\u00a0,\u00a0070-598 60 74 \u00a0 Byten och returer Vi erbjuder 30 dagars full \u00e5ngerr\u00e4tt eller returr\u00e4tt, g\u00e4ller b\u00e5de \u00e5terbetalning eller byten. Meddela oss via mail eller telefon inom 30 dagar fr\u00e5n mottagen vara f\u00f6r att utnyttja din \u00e5ngerr\u00e4tt. Fraktsedel f\u00f6r retur medf\u00f6ljer i paketet. [&hellip;]","og_url":"https:\/\/www.skateout.com\/?page_id=18739","article_modified_time":"2017-07-31T09:27:22+00:00","twitter_card":"summary_large_image","twitter_misc":{"Ber\u00e4knad l\u00e4stid":"3 minuter"},"schema":{"@context":"https:\/\/schema.org","@graph":[{"@type":"WebPage","@id":"https:\/\/www.skateout.com\/?page_id=18739","url":"https:\/\/www.skateout.com\/?page_id=18739","name":"K\u00f6pvillkor och information -","isPartOf":{"@id":"https:\/\/www.skateout.com\/#website"},"datePublished":"2016-09-22T10:59:04+00:00","dateModified":"2017-07-31T09:27:22+00:00","breadcrumb":{"@id":"https:\/\/www.skateout.com\/?page_id=18739#breadcrumb"},"inLanguage":"sv-SE","potentialAction":[{"@type":"ReadAction","target":["https:\/\/www.skateout.com\/?page_id=18739"]}]},{"@type":"BreadcrumbList","@id":"https:\/\/www.skateout.com\/?page_id=18739#breadcrumb","itemListElement":[{"@type":"ListItem","position":1,"name":"Hem","item":"https:\/\/www.skateout.com\/"},{"@type":"ListItem","position":2,"name":"K\u00f6pvillkor och information"}]},{"@type":"WebSite","@id":"https:\/\/www.skateout.com\/#website","url":"https:\/\/www.skateout.com\/","name":"Skateout","description":"","publisher":{"@id":"https:\/\/www.skateout.com\/#organization"},"potentialAction":[{"@type":"SearchAction","target":{"@type":"EntryPoint","urlTemplate":"https:\/\/www.skateout.com\/?s={search_term_string}"},"query-input":"required name=search_term_string"}],"inLanguage":"sv-SE"},{"@type":"Organization","@id":"https:\/\/www.skateout.com\/#organization","name":"Skateout","url":"https:\/\/www.skateout.com\/","logo":{"@type":"ImageObject","inLanguage":"sv-SE","@id":"https:\/\/www.skateout.com\/#\/schema\/logo\/image\/","url":"https:\/\/i0.wp.com\/www.skateout.com\/wp-content\/uploads\/2019\/08\/SkateOutLogo.png?fit=470%2C110&ssl=1","contentUrl":"https:\/\/i0.wp.com\/www.skateout.com\/wp-content\/uploads\/2019\/08\/SkateOutLogo.png?fit=470%2C110&ssl=1","width":470,"height":110,"caption":"Skateout"},"image":{"@id":"https:\/\/www.skateout.com\/#\/schema\/logo\/image\/"},"sameAs":["https:\/\/www.instagram.com\/skateoutcom\/"]}]}},"jetpack_sharing_enabled":true,"jetpack_shortlink":"https:\/\/wp.me\/P7gFaa-4Sf","_links":{"self":[{"href":"https:\/\/www.skateout.com\/index.php?rest_route=\/wp\/v2\/pages\/18739"}],"collection":[{"href":"https:\/\/www.skateout.com\/index.php?rest_route=\/wp\/v2\/pages"}],"about":[{"href":"https:\/\/www.skateout.com\/index.php?rest_route=\/wp\/v2\/types\/page"}],"author":[{"embeddable":true,"href":"https:\/\/www.skateout.com\/index.php?rest_route=\/wp\/v2\/users\/1"}],"replies":[{"embeddable":true,"href":"https:\/\/www.skateout.com\/index.php?rest_route=%2Fwp%2Fv2%2Fcomments&post=18739"}],"version-history":[{"count":14,"href":"https:\/\/www.skateout.com\/index.php?rest_route=\/wp\/v2\/pages\/18739\/revisions"}],"predecessor-version":[{"id":25348,"href":"https:\/\/www.skateout.com\/index.php?rest_route=\/wp\/v2\/pages\/18739\/revisions\/25348"}],"wp:attachment":[{"href":"https:\/\/www.skateout.com\/index.php?rest_route=%2Fwp%2Fv2%2Fmedia&parent=18739"}],"curies":[{"name":"wp","href":"https:\/\/api.w.org\/{rel}","templated":true}]}}