{"id":324,"date":"2016-02-11T13:46:14","date_gmt":"2016-02-11T12:46:14","guid":{"rendered":"http:\/\/www.skateout.hemsida.eu\/?page_id=324"},"modified":"2016-09-23T13:21:46","modified_gmt":"2016-09-23T11:21:46","slug":"cart","status":"publish","type":"page","link":"https:\/\/www.skateout.com\/?page_id=324","title":{"rendered":"Varukorg"},"content":{"rendered":"<div class=\"woocommerce\"><div class=\"woocommerce-notices-wrapper\"><\/div><p class=\"cart-empty woocommerce-info\">Din varukorg \u00e4r f\u00f6r n\u00e4rvarande tom.<\/p>\t<p class=\"return-to-shop\">\n\t\t<a class=\"button wc-backward wp-element-button\" href=\"https:\/\/www.skateout.com\/?page_id=50011\">\n\t\t\tG\u00e5 tillbaka till butiken\t\t<\/a>\n\t<\/p>\n<\/div>\n","protected":false},"excerpt":{"rendered":"","protected":false},"author":1,"featured_media":0,"parent":0,"menu_order":0,"comment_status":"closed","ping_status":"closed","template":"template-fullwidth.php","meta":{"jetpack_post_was_ever_published":false},"yoast_head":"<!-- This site is optimized with the Yoast SEO plugin v19.13 - https:\/\/yoast.com\/wordpress\/plugins\/seo\/ -->\n<title>Varukorg -<\/title>\n<meta name=\"robots\" content=\"index, follow, max-snippet:-1, max-image-preview:large, max-video-preview:-1\" \/>\n<link rel=\"canonical\" href=\"https:\/\/www.skateout.com\/?page_id=324\" \/>\n<meta property=\"og:locale\" content=\"sv_SE\" \/>\n<meta property=\"og:type\" content=\"article\" \/>\n<meta property=\"og:title\" content=\"Varukorg -\" \/>\n<meta property=\"og:url\" content=\"https:\/\/www.skateout.com\/?page_id=324\" \/>\n<meta property=\"article:modified_time\" content=\"2016-09-23T11:21:46+00:00\" \/>\n<meta name=\"twitter:card\" content=\"summary_large_image\" \/>\n<script type=\"application\/ld+json\" class=\"yoast-schema-graph\">{\"@context\":\"https:\/\/schema.org\",\"@graph\":[{\"@type\":\"WebPage\",\"@id\":\"https:\/\/www.skateout.com\/?page_id=324\",\"url\":\"https:\/\/www.skateout.com\/?page_id=324\",\"name\":\"Varukorg -\",\"isPartOf\":{\"@id\":\"https:\/\/www.skateout.com\/#website\"},\"datePublished\":\"2016-02-11T12:46:14+00:00\",\"dateModified\":\"2016-09-23T11:21:46+00:00\",\"breadcrumb\":{\"@id\":\"https:\/\/www.skateout.com\/?page_id=324#breadcrumb\"},\"inLanguage\":\"sv-SE\",\"potentialAction\":[{\"@type\":\"ReadAction\",\"target\":[\"https:\/\/www.skateout.com\/?page_id=324\"]}]},{\"@type\":\"BreadcrumbList\",\"@id\":\"https:\/\/www.skateout.com\/?page_id=324#breadcrumb\",\"itemListElement\":[{\"@type\":\"ListItem\",\"position\":1,\"name\":\"Hem\",\"item\":\"https:\/\/www.skateout.com\/\"},{\"@type\":\"ListItem\",\"position\":2,\"name\":\"Varukorg\"}]},{\"@type\":\"WebSite\",\"@id\":\"https:\/\/www.skateout.com\/#website\",\"url\":\"https:\/\/www.skateout.com\/\",\"name\":\"Skateout\",\"description\":\"\",\"publisher\":{\"@id\":\"https:\/\/www.skateout.com\/#organization\"},\"potentialAction\":[{\"@type\":\"SearchAction\",\"target\":{\"@type\":\"EntryPoint\",\"urlTemplate\":\"https:\/\/www.skateout.com\/?s={search_term_string}\"},\"query-input\":\"required name=search_term_string\"}],\"inLanguage\":\"sv-SE\"},{\"@type\":\"Organization\",\"@id\":\"https:\/\/www.skateout.com\/#organization\",\"name\":\"Skateout\",\"url\":\"https:\/\/www.skateout.com\/\",\"logo\":{\"@type\":\"ImageObject\",\"inLanguage\":\"sv-SE\",\"@id\":\"https:\/\/www.skateout.com\/#\/schema\/logo\/image\/\",\"url\":\"https:\/\/i0.wp.com\/www.skateout.com\/wp-content\/uploads\/2019\/08\/SkateOutLogo.png?fit=470%2C110&ssl=1\",\"contentUrl\":\"https:\/\/i0.wp.com\/www.skateout.com\/wp-content\/uploads\/2019\/08\/SkateOutLogo.png?fit=470%2C110&ssl=1\",\"width\":470,\"height\":110,\"caption\":\"Skateout\"},\"image\":{\"@id\":\"https:\/\/www.skateout.com\/#\/schema\/logo\/image\/\"},\"sameAs\":[\"https:\/\/www.instagram.com\/skateoutcom\/\"]}]}<\/script>\n<!-- \/ Yoast SEO plugin. -->","yoast_head_json":{"title":"Varukorg -","robots":{"index":"index","follow":"follow","max-snippet":"max-snippet:-1","max-image-preview":"max-image-preview:large","max-video-preview":"max-video-preview:-1"},"canonical":"https:\/\/www.skateout.com\/?page_id=324","og_locale":"sv_SE","og_type":"article","og_title":"Varukorg -","og_url":"https:\/\/www.skateout.com\/?page_id=324","article_modified_time":"2016-09-23T11:21:46+00:00","twitter_card":"summary_large_image","schema":{"@context":"https:\/\/schema.org","@graph":[{"@type":"WebPage","@id":"https:\/\/www.skateout.com\/?page_id=324","url":"https:\/\/www.skateout.com\/?page_id=324","name":"Varukorg -","isPartOf":{"@id":"https:\/\/www.skateout.com\/#website"},"datePublished":"2016-02-11T12:46:14+00:00","dateModified":"2016-09-23T11:21:46+00:00","breadcrumb":{"@id":"https:\/\/www.skateout.com\/?page_id=324#breadcrumb"},"inLanguage":"sv-SE","potentialAction":[{"@type":"ReadAction","target":["https:\/\/www.skateout.com\/?page_id=324"]}]},{"@type":"BreadcrumbList","@id":"https:\/\/www.skateout.com\/?page_id=324#breadcrumb","itemListElement":[{"@type":"ListItem","position":1,"name":"Hem","item":"https:\/\/www.skateout.com\/"},{"@type":"ListItem","position":2,"name":"Varukorg"}]},{"@type":"WebSite","@id":"https:\/\/www.skateout.com\/#website","url":"https:\/\/www.skateout.com\/","name":"Skateout","description":"","publisher":{"@id":"https:\/\/www.skateout.com\/#organization"},"potentialAction":[{"@type":"SearchAction","target":{"@type":"EntryPoint","urlTemplate":"https:\/\/www.skateout.com\/?s={search_term_string}"},"query-input":"required name=search_term_string"}],"inLanguage":"sv-SE"},{"@type":"Organization","@id":"https:\/\/www.skateout.com\/#organization","name":"Skateout","url":"https:\/\/www.skateout.com\/","logo":{"@type":"ImageObject","inLanguage":"sv-SE","@id":"https:\/\/www.skateout.com\/#\/schema\/logo\/image\/","url":"https:\/\/i0.wp.com\/www.skateout.com\/wp-content\/uploads\/2019\/08\/SkateOutLogo.png?fit=470%2C110&ssl=1","contentUrl":"https:\/\/i0.wp.com\/www.skateout.com\/wp-content\/uploads\/2019\/08\/SkateOutLogo.png?fit=470%2C110&ssl=1","width":470,"height":110,"caption":"Skateout"},"image":{"@id":"https:\/\/www.skateout.com\/#\/schema\/logo\/image\/"},"sameAs":["https:\/\/www.instagram.com\/skateoutcom\/"]}]}},"jetpack_sharing_enabled":false,"jetpack_shortlink":"https:\/\/wp.me\/P7gFaa-5e","_links":{"self":[{"href":"https:\/\/www.skateout.com\/index.php?rest_route=\/wp\/v2\/pages\/324"}],"collection":[{"href":"https:\/\/www.skateout.com\/index.php?rest_route=\/wp\/v2\/pages"}],"about":[{"href":"https:\/\/www.skateout.com\/index.php?rest_route=\/wp\/v2\/types\/page"}],"author":[{"embeddable":true,"href":"https:\/\/www.skateout.com\/index.php?rest_route=\/wp\/v2\/users\/1"}],"replies":[{"embeddable":true,"href":"https:\/\/www.skateout.com\/index.php?rest_route=%2Fwp%2Fv2%2Fcomments&post=324"}],"version-history":[{"count":1,"href":"https:\/\/www.skateout.com\/index.php?rest_route=\/wp\/v2\/pages\/324\/revisions"}],"predecessor-version":[{"id":404,"href":"https:\/\/www.skateout.com\/index.php?rest_route=\/wp\/v2\/pages\/324\/revisions\/404"}],"wp:attachment":[{"href":"https:\/\/www.skateout.com\/index.php?rest_route=%2Fwp%2Fv2%2Fmedia&parent=324"}],"curies":[{"name":"wp","href":"https:\/\/api.w.org\/{rel}","templated":true}]}}