{"id":47334,"date":"2022-09-20T11:00:39","date_gmt":"2022-09-20T09:00:39","guid":{"rendered":"http:\/\/www.skateout.com\/?post_type=product&#038;p=47334"},"modified":"2024-03-11T13:42:37","modified_gmt":"2024-03-11T12:42:37","slug":"tensor-mag-light-silver-5-5-949sek","status":"publish","type":"product","link":"https:\/\/www.skateout.com\/?product=tensor-mag-light-silver-5-5-949sek","title":{"rendered":"Tensor Mag Light Silver 5.5 &#8211; 949sek"},"content":{"rendered":"<p>Artikelnummer :\u00a010415290-SILV-5.5<br \/>\nVarum\u00e4rke :\u00a0Tensor<br \/>\nNamn:\u00a0Tensor Mag Light Silver 5.5<br \/>\nF\u00e4rg:\u00a0Silver<br \/>\nStorlek:\u00a05.5<br \/>\nRek.pris:\u00a0949<\/p>\n","protected":false},"excerpt":{"rendered":"<p>Rek.pris: 949<\/p>\n<p>S\u00e4ljs i par<\/p>\n<p>Tensor NEW Silver Mag Light Skateboard Trucks<br \/>\nATG (All Terrain Geometry)<br \/>\n5.5<br \/>\nSilver<br \/>\nSet of 2 Trucks<\/p>\n<p><strong>Features:<\/strong><\/p>\n<p><strong>ALL TERRAIN GEOMETRY -\u00e5\u00ca<em>Totally Redesigned <\/em><\/strong><\/p>\n<p><strong>TALLER TRUCK (55MM AXLE HEIGHT) &#8211; Tighter turning and less wheel bite.<\/strong><em><br \/>\nA taller truck creates more clearance between wheel and deck resulting in less wheel bite.\u00e5\u00caIn addition a taller truck enables the hanger to lean in further,\u00e5\u00catightening the turning radius.<\/em><\/p>\n<p><strong>REFINED GEOMETRY &#8211; Responsive<\/strong><strong>\u00e5\u00caturns<\/strong><em id=\"yui_3_17_2_1_1521508981981_25779\"><br \/>\nWe have adjusted the angles of truck pivot and kingpin, creating a tighter turning more responsive truck.<\/em><\/p>\n<p><strong>LOWER KINGPIN &#8211; No grind hang-ups<\/strong><em id=\"yui_3_17_2_1_1521508981981_25974\"><br \/>\nThe kingpin has been lowered 5mm to allow for more clearance.<\/em><\/p>\n<p><strong>INTERLOCKING BUSHINGS &#8211; Better control<\/strong><em id=\"yui_3_17_2_1_1521508981981_26163\"><br \/>\nThe unique shape of these bushing interlocks with the truck hanger. Keeping the bushing perfectly centered ensure that the bushing responds evenly.\u00e5\u00ca<\/em><\/p>\n<p><strong>REINFORCED HANGER &#8211; More strength<\/strong><br \/>\nThe weight has been redistributed in key areas resulting in an overall stronger truck.<\/p>\n<p id=\"yui_3_17_2_1_1521508981981_26830\"><strong>REDUCED WEIGHT &#8211; Lighter that all others<\/strong><em id=\"yui_3_17_2_1_1521508981981_26488\"><br \/>\nThe redesign of the truck has allowed us to shave off more weight. The Mag Light is 30% lighter than any truck ever made.<\/em><\/p>\n","protected":false},"featured_media":47540,"comment_status":"closed","ping_status":"closed","template":"","meta":{"jetpack_post_was_ever_published":false,"jetpack_publicize_message":"","jetpack_is_tweetstorm":false,"jetpack_publicize_feature_enabled":true,"jetpack_social_options":[]},"product_cat":[4245,4383,4303,2874],"product_tag":[],"jetpack_publicize_connections":[],"yoast_head":"<!-- This site is optimized with the Yoast SEO plugin v19.13 - https:\/\/yoast.com\/wordpress\/plugins\/seo\/ -->\n<title>Tensor Mag Light Silver 5.5 - 949sek -<\/title>\n<meta name=\"robots\" content=\"index, follow, max-snippet:-1, max-image-preview:large, max-video-preview:-1\" \/>\n<link rel=\"canonical\" href=\"https:\/\/www.skateout.com\/?product=tensor-mag-light-silver-5-5-949sek\" \/>\n<meta property=\"og:locale\" content=\"sv_SE\" \/>\n<meta property=\"og:type\" content=\"article\" \/>\n<meta property=\"og:title\" content=\"Tensor Mag Light Silver 5.5 - 949sek -\" \/>\n<meta property=\"og:description\" content=\"Rek.pris: 949  S\u00e4ljs i par  Tensor NEW Silver Mag Light Skateboard Trucks ATG (All Terrain Geometry) 5.5 Silver Set of 2 Trucks  Features:  ALL TERRAIN GEOMETRY -\u00e5\u00caTotally Redesigned   TALLER TRUCK (55MM AXLE HEIGHT) - Tighter turning and less wheel bite. A taller truck creates more clearance between wheel and deck resulting in less wheel bite.\u00e5\u00caIn addition a taller truck enables the hanger to lean in further,\u00e5\u00catightening the turning radius.  REFINED GEOMETRY - Responsive\u00e5\u00caturns We have adjusted the angles of truck pivot and kingpin, creating a tighter turning more responsive truck.  LOWER KINGPIN - No grind hang-ups The kingpin has been lowered 5mm to allow for more clearance.  INTERLOCKING BUSHINGS - Better control The unique shape of these bushing interlocks with the truck hanger. Keeping the bushing perfectly centered ensure that the bushing responds evenly.\u00e5\u00ca  REINFORCED HANGER - More strength The weight has been redistributed in key areas resulting in an overall stronger truck. REDUCED WEIGHT - Lighter that all others The redesign of the truck has allowed us to shave off more weight. The Mag Light is 30% lighter than any truck ever made.\" \/>\n<meta property=\"og:url\" content=\"https:\/\/www.skateout.com\/?product=tensor-mag-light-silver-5-5-949sek\" \/>\n<meta property=\"article:modified_time\" content=\"2024-03-11T12:42:37+00:00\" \/>\n<meta property=\"og:image\" content=\"https:\/\/i0.wp.com\/www.skateout.com\/wp-content\/uploads\/2020\/04\/10415290_silv_1-scaled.jpg?fit=2560%2C2560&ssl=1\" \/>\n\t<meta property=\"og:image:width\" content=\"2560\" \/>\n\t<meta property=\"og:image:height\" content=\"2560\" \/>\n\t<meta property=\"og:image:type\" content=\"image\/jpeg\" \/>\n<meta name=\"twitter:card\" content=\"summary_large_image\" \/>\n<script type=\"application\/ld+json\" class=\"yoast-schema-graph\">{\"@context\":\"https:\/\/schema.org\",\"@graph\":[{\"@type\":\"WebPage\",\"@id\":\"https:\/\/www.skateout.com\/?product=tensor-mag-light-silver-5-5-949sek\",\"url\":\"https:\/\/www.skateout.com\/?product=tensor-mag-light-silver-5-5-949sek\",\"name\":\"Tensor Mag Light Silver 5.5 - 949sek -\",\"isPartOf\":{\"@id\":\"https:\/\/www.skateout.com\/#website\"},\"datePublished\":\"2022-09-20T09:00:39+00:00\",\"dateModified\":\"2024-03-11T12:42:37+00:00\",\"breadcrumb\":{\"@id\":\"https:\/\/www.skateout.com\/?product=tensor-mag-light-silver-5-5-949sek#breadcrumb\"},\"inLanguage\":\"sv-SE\",\"potentialAction\":[{\"@type\":\"ReadAction\",\"target\":[\"https:\/\/www.skateout.com\/?product=tensor-mag-light-silver-5-5-949sek\"]}]},{\"@type\":\"BreadcrumbList\",\"@id\":\"https:\/\/www.skateout.com\/?product=tensor-mag-light-silver-5-5-949sek#breadcrumb\",\"itemListElement\":[{\"@type\":\"ListItem\",\"position\":1,\"name\":\"Hem\",\"item\":\"https:\/\/www.skateout.com\/\"},{\"@type\":\"ListItem\",\"position\":2,\"name\":\"Webbutik\",\"item\":\"https:\/\/www.skateout.com\/?page_id=50011\"},{\"@type\":\"ListItem\",\"position\":3,\"name\":\"Tensor Mag Light Silver 5.5 &#8211; 949sek\"}]},{\"@type\":\"WebSite\",\"@id\":\"https:\/\/www.skateout.com\/#website\",\"url\":\"https:\/\/www.skateout.com\/\",\"name\":\"Skateout\",\"description\":\"\",\"publisher\":{\"@id\":\"https:\/\/www.skateout.com\/#organization\"},\"potentialAction\":[{\"@type\":\"SearchAction\",\"target\":{\"@type\":\"EntryPoint\",\"urlTemplate\":\"https:\/\/www.skateout.com\/?s={search_term_string}\"},\"query-input\":\"required name=search_term_string\"}],\"inLanguage\":\"sv-SE\"},{\"@type\":\"Organization\",\"@id\":\"https:\/\/www.skateout.com\/#organization\",\"name\":\"Skateout\",\"url\":\"https:\/\/www.skateout.com\/\",\"logo\":{\"@type\":\"ImageObject\",\"inLanguage\":\"sv-SE\",\"@id\":\"https:\/\/www.skateout.com\/#\/schema\/logo\/image\/\",\"url\":\"https:\/\/i0.wp.com\/www.skateout.com\/wp-content\/uploads\/2019\/08\/SkateOutLogo.png?fit=470%2C110&ssl=1\",\"contentUrl\":\"https:\/\/i0.wp.com\/www.skateout.com\/wp-content\/uploads\/2019\/08\/SkateOutLogo.png?fit=470%2C110&ssl=1\",\"width\":470,\"height\":110,\"caption\":\"Skateout\"},\"image\":{\"@id\":\"https:\/\/www.skateout.com\/#\/schema\/logo\/image\/\"},\"sameAs\":[\"https:\/\/www.instagram.com\/skateoutcom\/\"]}]}<\/script>\n<!-- \/ Yoast SEO plugin. -->","yoast_head_json":{"title":"Tensor Mag Light Silver 5.5 - 949sek -","robots":{"index":"index","follow":"follow","max-snippet":"max-snippet:-1","max-image-preview":"max-image-preview:large","max-video-preview":"max-video-preview:-1"},"canonical":"https:\/\/www.skateout.com\/?product=tensor-mag-light-silver-5-5-949sek","og_locale":"sv_SE","og_type":"article","og_title":"Tensor Mag Light Silver 5.5 - 949sek -","og_description":"Rek.pris: 949  S\u00e4ljs i par  Tensor NEW Silver Mag Light Skateboard Trucks ATG (All Terrain Geometry) 5.5 Silver Set of 2 Trucks  Features:  ALL TERRAIN GEOMETRY -\u00e5\u00caTotally Redesigned   TALLER TRUCK (55MM AXLE HEIGHT) - Tighter turning and less wheel bite. A taller truck creates more clearance between wheel and deck resulting in less wheel bite.\u00e5\u00caIn addition a taller truck enables the hanger to lean in further,\u00e5\u00catightening the turning radius.  REFINED GEOMETRY - Responsive\u00e5\u00caturns We have adjusted the angles of truck pivot and kingpin, creating a tighter turning more responsive truck.  LOWER KINGPIN - No grind hang-ups The kingpin has been lowered 5mm to allow for more clearance.  INTERLOCKING BUSHINGS - Better control The unique shape of these bushing interlocks with the truck hanger. Keeping the bushing perfectly centered ensure that the bushing responds evenly.\u00e5\u00ca  REINFORCED HANGER - More strength The weight has been redistributed in key areas resulting in an overall stronger truck. REDUCED WEIGHT - Lighter that all others The redesign of the truck has allowed us to shave off more weight. The Mag Light is 30% lighter than any truck ever made.","og_url":"https:\/\/www.skateout.com\/?product=tensor-mag-light-silver-5-5-949sek","article_modified_time":"2024-03-11T12:42:37+00:00","og_image":[{"width":2560,"height":2560,"url":"https:\/\/i0.wp.com\/www.skateout.com\/wp-content\/uploads\/2020\/04\/10415290_silv_1-scaled.jpg?fit=2560%2C2560&ssl=1","type":"image\/jpeg"}],"twitter_card":"summary_large_image","schema":{"@context":"https:\/\/schema.org","@graph":[{"@type":"WebPage","@id":"https:\/\/www.skateout.com\/?product=tensor-mag-light-silver-5-5-949sek","url":"https:\/\/www.skateout.com\/?product=tensor-mag-light-silver-5-5-949sek","name":"Tensor Mag Light Silver 5.5 - 949sek -","isPartOf":{"@id":"https:\/\/www.skateout.com\/#website"},"datePublished":"2022-09-20T09:00:39+00:00","dateModified":"2024-03-11T12:42:37+00:00","breadcrumb":{"@id":"https:\/\/www.skateout.com\/?product=tensor-mag-light-silver-5-5-949sek#breadcrumb"},"inLanguage":"sv-SE","potentialAction":[{"@type":"ReadAction","target":["https:\/\/www.skateout.com\/?product=tensor-mag-light-silver-5-5-949sek"]}]},{"@type":"BreadcrumbList","@id":"https:\/\/www.skateout.com\/?product=tensor-mag-light-silver-5-5-949sek#breadcrumb","itemListElement":[{"@type":"ListItem","position":1,"name":"Hem","item":"https:\/\/www.skateout.com\/"},{"@type":"ListItem","position":2,"name":"Webbutik","item":"https:\/\/www.skateout.com\/?page_id=50011"},{"@type":"ListItem","position":3,"name":"Tensor Mag Light Silver 5.5 &#8211; 949sek"}]},{"@type":"WebSite","@id":"https:\/\/www.skateout.com\/#website","url":"https:\/\/www.skateout.com\/","name":"Skateout","description":"","publisher":{"@id":"https:\/\/www.skateout.com\/#organization"},"potentialAction":[{"@type":"SearchAction","target":{"@type":"EntryPoint","urlTemplate":"https:\/\/www.skateout.com\/?s={search_term_string}"},"query-input":"required name=search_term_string"}],"inLanguage":"sv-SE"},{"@type":"Organization","@id":"https:\/\/www.skateout.com\/#organization","name":"Skateout","url":"https:\/\/www.skateout.com\/","logo":{"@type":"ImageObject","inLanguage":"sv-SE","@id":"https:\/\/www.skateout.com\/#\/schema\/logo\/image\/","url":"https:\/\/i0.wp.com\/www.skateout.com\/wp-content\/uploads\/2019\/08\/SkateOutLogo.png?fit=470%2C110&ssl=1","contentUrl":"https:\/\/i0.wp.com\/www.skateout.com\/wp-content\/uploads\/2019\/08\/SkateOutLogo.png?fit=470%2C110&ssl=1","width":470,"height":110,"caption":"Skateout"},"image":{"@id":"https:\/\/www.skateout.com\/#\/schema\/logo\/image\/"},"sameAs":["https:\/\/www.instagram.com\/skateoutcom\/"]}]}},"jetpack_sharing_enabled":true,"_links":{"self":[{"href":"https:\/\/www.skateout.com\/index.php?rest_route=\/wp\/v2\/product\/47334"}],"collection":[{"href":"https:\/\/www.skateout.com\/index.php?rest_route=\/wp\/v2\/product"}],"about":[{"href":"https:\/\/www.skateout.com\/index.php?rest_route=\/wp\/v2\/types\/product"}],"replies":[{"embeddable":true,"href":"https:\/\/www.skateout.com\/index.php?rest_route=%2Fwp%2Fv2%2Fcomments&post=47334"}],"wp:featuredmedia":[{"embeddable":true,"href":"https:\/\/www.skateout.com\/index.php?rest_route=\/wp\/v2\/media\/47540"}],"wp:attachment":[{"href":"https:\/\/www.skateout.com\/index.php?rest_route=%2Fwp%2Fv2%2Fmedia&parent=47334"}],"wp:term":[{"taxonomy":"product_cat","embeddable":true,"href":"https:\/\/www.skateout.com\/index.php?rest_route=%2Fwp%2Fv2%2Fproduct_cat&post=47334"},{"taxonomy":"product_tag","embeddable":true,"href":"https:\/\/www.skateout.com\/index.php?rest_route=%2Fwp%2Fv2%2Fproduct_tag&post=47334"}],"curies":[{"name":"wp","href":"https:\/\/api.w.org\/{rel}","templated":true}]}}